{"id":81,"date":"2020-01-07T15:31:38","date_gmt":"2020-01-07T14:31:38","guid":{"rendered":"http:\/\/maclabi.fr\/?page_id=81"},"modified":"2024-07-15T12:35:02","modified_gmt":"2024-07-15T10:35:02","slug":"accueil","status":"publish","type":"page","link":"https:\/\/maclabi.fr\/","title":{"rendered":"Accueil"},"content":{"rendered":"\n<p class=\"has-text-align-left\"><strong>\u00c9conomiste de formation je suis depuis toujours int\u00e9ress\u00e9 par l\u2019\u00e9pist\u00e9mologie et la pluridisciplinarit\u00e9 en sciences humaines. J&rsquo;ai cr\u00e9\u00e9 ce blog pour m&rsquo;exprimer  sur les th\u00e8mes qui m&rsquo;int\u00e9ressent et \u00e9changer avec ceux qui le souhaitent.<\/strong><\/p>\n","protected":false},"excerpt":{"rendered":"<p>\u00c9conomiste de formation je suis depuis toujours int\u00e9ress\u00e9 par l\u2019\u00e9pist\u00e9mologie et la pluridisciplinarit\u00e9 en sciences humaines. J&rsquo;ai cr\u00e9\u00e9 ce blog pour m&rsquo;exprimer sur les th\u00e8mes qui m&rsquo;int\u00e9ressent et \u00e9changer avec ceux qui le souhaitent.<\/p>\n","protected":false},"author":1,"featured_media":384,"parent":0,"menu_order":0,"comment_status":"closed","ping_status":"closed","template":"","meta":{"footnotes":""},"class_list":["post-81","page","type-page","status-publish","has-post-thumbnail","hentry"],"yoast_head":"<!-- This site is optimized with the Yoast SEO plugin v27.3 - https:\/\/yoast.com\/product\/yoast-seo-wordpress\/ -->\n<title>Accueil - Blog citoyen - Changer de monde<\/title>\n<meta name=\"description\" content=\"\u00c9conomiste de formation je suis depuis toujours int\u00e9ress\u00e9 par l\u2019\u00e9pist\u00e9mologie et la pluridisciplinarit\u00e9 en sciences humaines. J\u2019ai cr\u00e9\u00e9 ce blog pour m\u2019exprimer sur les th\u00e8mes qui m\u2019int\u00e9ressent et \u00e9changer avec ceux qui le souhaitent.\" \/>\n<meta name=\"robots\" content=\"index, follow, max-snippet:-1, max-image-preview:large, max-video-preview:-1\" \/>\n<link rel=\"canonical\" href=\"https:\/\/maclabi.fr\/\" \/>\n<meta property=\"og:locale\" content=\"fr_FR\" \/>\n<meta property=\"og:type\" content=\"article\" \/>\n<meta property=\"og:title\" content=\"Accueil - Blog citoyen - Changer de monde\" \/>\n<meta property=\"og:description\" content=\"\u00c9conomiste de formation je suis depuis toujours int\u00e9ress\u00e9 par l\u2019\u00e9pist\u00e9mologie et la pluridisciplinarit\u00e9 en sciences humaines. J\u2019ai cr\u00e9\u00e9 ce blog pour m\u2019exprimer sur les th\u00e8mes qui m\u2019int\u00e9ressent et \u00e9changer avec ceux qui le souhaitent.\" \/>\n<meta property=\"og:url\" content=\"https:\/\/maclabi.fr\/\" \/>\n<meta property=\"og:site_name\" content=\"Blog citoyen - Changer de monde\" \/>\n<meta property=\"article:modified_time\" content=\"2024-07-15T10:35:02+00:00\" \/>\n<meta property=\"og:image\" content=\"https:\/\/maclabi.fr\/wp-content\/uploads\/2020\/03\/human-1375473_1920-e1585690006749.jpg\" \/>\n\t<meta property=\"og:image:width\" content=\"1737\" \/>\n\t<meta property=\"og:image:height\" content=\"955\" \/>\n\t<meta property=\"og:image:type\" content=\"image\/jpeg\" \/>\n<meta name=\"twitter:card\" content=\"summary_large_image\" \/>\n<meta name=\"twitter:label1\" content=\"Dur\u00e9e de lecture estim\u00e9e\" \/>\n\t<meta name=\"twitter:data1\" content=\"1 minute\" \/>\n<script type=\"application\/ld+json\" class=\"yoast-schema-graph\">{\"@context\":\"https:\\\/\\\/schema.org\",\"@graph\":[{\"@type\":\"WebPage\",\"@id\":\"https:\\\/\\\/maclabi.fr\\\/\",\"url\":\"https:\\\/\\\/maclabi.fr\\\/\",\"name\":\"Accueil - Blog citoyen - Changer de monde\",\"isPartOf\":{\"@id\":\"https:\\\/\\\/maclabi.fr\\\/#website\"},\"primaryImageOfPage\":{\"@id\":\"https:\\\/\\\/maclabi.fr\\\/#primaryimage\"},\"image\":{\"@id\":\"https:\\\/\\\/maclabi.fr\\\/#primaryimage\"},\"thumbnailUrl\":\"https:\\\/\\\/maclabi.fr\\\/wp-content\\\/uploads\\\/2020\\\/03\\\/human-1375473_1920-e1585690006749.jpg\",\"datePublished\":\"2020-01-07T14:31:38+00:00\",\"dateModified\":\"2024-07-15T10:35:02+00:00\",\"description\":\"\u00c9conomiste de formation je suis depuis toujours int\u00e9ress\u00e9 par l\u2019\u00e9pist\u00e9mologie et la pluridisciplinarit\u00e9 en sciences humaines. J\u2019ai cr\u00e9\u00e9 ce blog pour m\u2019exprimer sur les th\u00e8mes qui m\u2019int\u00e9ressent et \u00e9changer avec ceux qui le souhaitent.\",\"breadcrumb\":{\"@id\":\"https:\\\/\\\/maclabi.fr\\\/#breadcrumb\"},\"inLanguage\":\"fr-FR\",\"potentialAction\":[{\"@type\":\"ReadAction\",\"target\":[\"https:\\\/\\\/maclabi.fr\\\/\"]}]},{\"@type\":\"ImageObject\",\"inLanguage\":\"fr-FR\",\"@id\":\"https:\\\/\\\/maclabi.fr\\\/#primaryimage\",\"url\":\"https:\\\/\\\/maclabi.fr\\\/wp-content\\\/uploads\\\/2020\\\/03\\\/human-1375473_1920-e1585690006749.jpg\",\"contentUrl\":\"https:\\\/\\\/maclabi.fr\\\/wp-content\\\/uploads\\\/2020\\\/03\\\/human-1375473_1920-e1585690006749.jpg\",\"width\":1737,\"height\":955},{\"@type\":\"BreadcrumbList\",\"@id\":\"https:\\\/\\\/maclabi.fr\\\/#breadcrumb\",\"itemListElement\":[{\"@type\":\"ListItem\",\"position\":1,\"name\":\"Accueil\",\"item\":\"https:\\\/\\\/maclabi.fr\\\/\"},{\"@type\":\"ListItem\",\"position\":2,\"name\":\"Accueil\"}]},{\"@type\":\"WebSite\",\"@id\":\"https:\\\/\\\/maclabi.fr\\\/#website\",\"url\":\"https:\\\/\\\/maclabi.fr\\\/\",\"name\":\"Blog citoyen - Changer de monde\",\"description\":\"Sortir du politiquement correct\",\"publisher\":{\"@id\":\"https:\\\/\\\/maclabi.fr\\\/#\\\/schema\\\/person\\\/22f8aff35e6205e5d8493a59eb7bb473\"},\"potentialAction\":[{\"@type\":\"SearchAction\",\"target\":{\"@type\":\"EntryPoint\",\"urlTemplate\":\"https:\\\/\\\/maclabi.fr\\\/?s={search_term_string}\"},\"query-input\":{\"@type\":\"PropertyValueSpecification\",\"valueRequired\":true,\"valueName\":\"search_term_string\"}}],\"inLanguage\":\"fr-FR\"},{\"@type\":[\"Person\",\"Organization\"],\"@id\":\"https:\\\/\\\/maclabi.fr\\\/#\\\/schema\\\/person\\\/22f8aff35e6205e5d8493a59eb7bb473\",\"name\":\"Maurice\",\"pronouns\":\"il\",\"image\":{\"@type\":\"ImageObject\",\"inLanguage\":\"fr-FR\",\"@id\":\"https:\\\/\\\/secure.gravatar.com\\\/avatar\\\/8c8fde46cf96c88a1c3f545403dc0898a58a125164e99f209dc2b50df4fdfcd5?s=96&d=mm&r=g\",\"url\":\"https:\\\/\\\/secure.gravatar.com\\\/avatar\\\/8c8fde46cf96c88a1c3f545403dc0898a58a125164e99f209dc2b50df4fdfcd5?s=96&d=mm&r=g\",\"contentUrl\":\"https:\\\/\\\/secure.gravatar.com\\\/avatar\\\/8c8fde46cf96c88a1c3f545403dc0898a58a125164e99f209dc2b50df4fdfcd5?s=96&d=mm&r=g\",\"caption\":\"Maurice\"},\"logo\":{\"@id\":\"https:\\\/\\\/secure.gravatar.com\\\/avatar\\\/8c8fde46cf96c88a1c3f545403dc0898a58a125164e99f209dc2b50df4fdfcd5?s=96&d=mm&r=g\"},\"description\":\"Retrait\u00e9, dipl\u00f4m\u00e9 en sciences \u00e9conomiques, j'ai \u00e9t\u00e9 enseignant, chercheur en sciences sociales, syndicaliste, mutualiste militant, chef d'entreprise d\u2019\u00e9conomie sociale. Depuis mes \u00e9tudes je suis int\u00e9ress\u00e9 par l'\u00e9pist\u00e9mologie en sciences sociales et la pluridisciplinarit\u00e9. J'ai cr\u00e9\u00e9 ce blog pour m'exprimer et \u00e9changer avec ceux qui le souhaitent.\"}]}<\/script>\n<!-- \/ Yoast SEO plugin. -->","yoast_head_json":{"title":"Accueil - Blog citoyen - Changer de monde","description":"\u00c9conomiste de formation je suis depuis toujours int\u00e9ress\u00e9 par l\u2019\u00e9pist\u00e9mologie et la pluridisciplinarit\u00e9 en sciences humaines. J\u2019ai cr\u00e9\u00e9 ce blog pour m\u2019exprimer sur les th\u00e8mes qui m\u2019int\u00e9ressent et \u00e9changer avec ceux qui le souhaitent.","robots":{"index":"index","follow":"follow","max-snippet":"max-snippet:-1","max-image-preview":"max-image-preview:large","max-video-preview":"max-video-preview:-1"},"canonical":"https:\/\/maclabi.fr\/","og_locale":"fr_FR","og_type":"article","og_title":"Accueil - Blog citoyen - Changer de monde","og_description":"\u00c9conomiste de formation je suis depuis toujours int\u00e9ress\u00e9 par l\u2019\u00e9pist\u00e9mologie et la pluridisciplinarit\u00e9 en sciences humaines. J\u2019ai cr\u00e9\u00e9 ce blog pour m\u2019exprimer sur les th\u00e8mes qui m\u2019int\u00e9ressent et \u00e9changer avec ceux qui le souhaitent.","og_url":"https:\/\/maclabi.fr\/","og_site_name":"Blog citoyen - Changer de monde","article_modified_time":"2024-07-15T10:35:02+00:00","og_image":[{"width":1737,"height":955,"url":"https:\/\/maclabi.fr\/wp-content\/uploads\/2020\/03\/human-1375473_1920-e1585690006749.jpg","type":"image\/jpeg"}],"twitter_card":"summary_large_image","twitter_misc":{"Dur\u00e9e de lecture estim\u00e9e":"1 minute"},"schema":{"@context":"https:\/\/schema.org","@graph":[{"@type":"WebPage","@id":"https:\/\/maclabi.fr\/","url":"https:\/\/maclabi.fr\/","name":"Accueil - Blog citoyen - Changer de monde","isPartOf":{"@id":"https:\/\/maclabi.fr\/#website"},"primaryImageOfPage":{"@id":"https:\/\/maclabi.fr\/#primaryimage"},"image":{"@id":"https:\/\/maclabi.fr\/#primaryimage"},"thumbnailUrl":"https:\/\/maclabi.fr\/wp-content\/uploads\/2020\/03\/human-1375473_1920-e1585690006749.jpg","datePublished":"2020-01-07T14:31:38+00:00","dateModified":"2024-07-15T10:35:02+00:00","description":"\u00c9conomiste de formation je suis depuis toujours int\u00e9ress\u00e9 par l\u2019\u00e9pist\u00e9mologie et la pluridisciplinarit\u00e9 en sciences humaines. J\u2019ai cr\u00e9\u00e9 ce blog pour m\u2019exprimer sur les th\u00e8mes qui m\u2019int\u00e9ressent et \u00e9changer avec ceux qui le souhaitent.","breadcrumb":{"@id":"https:\/\/maclabi.fr\/#breadcrumb"},"inLanguage":"fr-FR","potentialAction":[{"@type":"ReadAction","target":["https:\/\/maclabi.fr\/"]}]},{"@type":"ImageObject","inLanguage":"fr-FR","@id":"https:\/\/maclabi.fr\/#primaryimage","url":"https:\/\/maclabi.fr\/wp-content\/uploads\/2020\/03\/human-1375473_1920-e1585690006749.jpg","contentUrl":"https:\/\/maclabi.fr\/wp-content\/uploads\/2020\/03\/human-1375473_1920-e1585690006749.jpg","width":1737,"height":955},{"@type":"BreadcrumbList","@id":"https:\/\/maclabi.fr\/#breadcrumb","itemListElement":[{"@type":"ListItem","position":1,"name":"Accueil","item":"https:\/\/maclabi.fr\/"},{"@type":"ListItem","position":2,"name":"Accueil"}]},{"@type":"WebSite","@id":"https:\/\/maclabi.fr\/#website","url":"https:\/\/maclabi.fr\/","name":"Blog citoyen - Changer de monde","description":"Sortir du politiquement correct","publisher":{"@id":"https:\/\/maclabi.fr\/#\/schema\/person\/22f8aff35e6205e5d8493a59eb7bb473"},"potentialAction":[{"@type":"SearchAction","target":{"@type":"EntryPoint","urlTemplate":"https:\/\/maclabi.fr\/?s={search_term_string}"},"query-input":{"@type":"PropertyValueSpecification","valueRequired":true,"valueName":"search_term_string"}}],"inLanguage":"fr-FR"},{"@type":["Person","Organization"],"@id":"https:\/\/maclabi.fr\/#\/schema\/person\/22f8aff35e6205e5d8493a59eb7bb473","name":"Maurice","pronouns":"il","image":{"@type":"ImageObject","inLanguage":"fr-FR","@id":"https:\/\/secure.gravatar.com\/avatar\/8c8fde46cf96c88a1c3f545403dc0898a58a125164e99f209dc2b50df4fdfcd5?s=96&d=mm&r=g","url":"https:\/\/secure.gravatar.com\/avatar\/8c8fde46cf96c88a1c3f545403dc0898a58a125164e99f209dc2b50df4fdfcd5?s=96&d=mm&r=g","contentUrl":"https:\/\/secure.gravatar.com\/avatar\/8c8fde46cf96c88a1c3f545403dc0898a58a125164e99f209dc2b50df4fdfcd5?s=96&d=mm&r=g","caption":"Maurice"},"logo":{"@id":"https:\/\/secure.gravatar.com\/avatar\/8c8fde46cf96c88a1c3f545403dc0898a58a125164e99f209dc2b50df4fdfcd5?s=96&d=mm&r=g"},"description":"Retrait\u00e9, dipl\u00f4m\u00e9 en sciences \u00e9conomiques, j'ai \u00e9t\u00e9 enseignant, chercheur en sciences sociales, syndicaliste, mutualiste militant, chef d'entreprise d\u2019\u00e9conomie sociale. Depuis mes \u00e9tudes je suis int\u00e9ress\u00e9 par l'\u00e9pist\u00e9mologie en sciences sociales et la pluridisciplinarit\u00e9. J'ai cr\u00e9\u00e9 ce blog pour m'exprimer et \u00e9changer avec ceux qui le souhaitent."}]}},"_links":{"self":[{"href":"https:\/\/maclabi.fr\/index.php\/wp-json\/wp\/v2\/pages\/81","targetHints":{"allow":["GET"]}}],"collection":[{"href":"https:\/\/maclabi.fr\/index.php\/wp-json\/wp\/v2\/pages"}],"about":[{"href":"https:\/\/maclabi.fr\/index.php\/wp-json\/wp\/v2\/types\/page"}],"author":[{"embeddable":true,"href":"https:\/\/maclabi.fr\/index.php\/wp-json\/wp\/v2\/users\/1"}],"replies":[{"embeddable":true,"href":"https:\/\/maclabi.fr\/index.php\/wp-json\/wp\/v2\/comments?post=81"}],"version-history":[{"count":4,"href":"https:\/\/maclabi.fr\/index.php\/wp-json\/wp\/v2\/pages\/81\/revisions"}],"predecessor-version":[{"id":1303,"href":"https:\/\/maclabi.fr\/index.php\/wp-json\/wp\/v2\/pages\/81\/revisions\/1303"}],"wp:featuredmedia":[{"embeddable":true,"href":"https:\/\/maclabi.fr\/index.php\/wp-json\/wp\/v2\/media\/384"}],"wp:attachment":[{"href":"https:\/\/maclabi.fr\/index.php\/wp-json\/wp\/v2\/media?parent=81"}],"curies":[{"name":"wp","href":"https:\/\/api.w.org\/{rel}","templated":true}]}}